{"id":8264,"date":"2026-03-26T13:02:03","date_gmt":"2026-03-26T13:02:03","guid":{"rendered":"https:\/\/staging.feuer-flamme.com\/produkt\/ersatzteil-01"},"modified":"2026-03-28T14:32:11","modified_gmt":"2026-03-28T14:32:11","slug":"ersatzteil-01","status":"publish","type":"product","link":"https:\/\/staging.feuer-flamme.com\/nl\/produkt\/ersatzteil-01","title":{"rendered":"Ersatzteil 01"},"content":{"rendered":"<div class=\"wpb-content-wrapper\"><h4>PRODUCTBESCHRIJVING<\/h4>\n<ul>\n<li>Fabrikant productcode: AS-4020\/2<\/li>\n<li>Tussenstekker met ge\u00efntegreerde kinderveiligheid  voor geaarde stekkers<\/li>\n<li>Klaar voor aansluiting, incl. 6 m sensorkabel met reedcontact<\/li>\n<li>Schakelt apparaten tot 2200 watt (10 A)<\/li>\n<li>Netspanning 230 V 50 Hz. Ca. 3 W<\/li>\n<\/ul>\n<p class=\"bodytext\"><strong>Ideaal voor het aansturen van:<\/strong><\/p>\n<p class=\"bodytext\">Airconditioners, verwarmingsventilatoren, ventilatoren, roldeuren, lampen, afzuigkappen, rolluiken, enz.<\/p>\n<p class=\"bodytext\"><strong>Leveringsomvang:<\/strong><\/p>\n<p class=\"bodytext\">1 x  tussenschakelapparaat met 6 m sensorkabel<\/p>\n<p class=\"bodytext\">1 x magneetcontact met afstandplaatjes voor individuele aanpassing<\/p>\n<p class=\"bodytext\">1 x montagemateriaal<\/p>\n<p class=\"bodytext\"><strong>De brandverordening \u201cFeuV (\u00a7 4 Opstellen van haarden)\u201d schrijft voor: \u201cBij gelijktijdig gebruik van een ruimteafhankelijke haard (bijv. gasboiler, houtskoolkachel) en afzuigventilatoren (bijv. afzuigkap) moet in een woning\/huis worden gewaarborgd dat er geen koolmonoxide uit de haard wordt onttrokken. Zodra een afzuigsysteem wordt ingeschakeld, ontstaat er een onderdruk in de gesloten ruimte. De druk mag dan alleen worden gecompenseerd door verse lucht van buiten aan te voeren en niet via de haard.\u201d<\/strong><\/p>\n<p><br \/>\n<style data-type=\"vc_shortcodes-custom-css\">.vc_custom_1733308228591{margin-top: 0% !important;margin-right: 0% !important;margin-bottom: 0% !important;margin-left: 0% !important;border-top-width: 1px !important;border-right-width: 1px !important;border-bottom-width: 1px !important;border-left-width: 1px !important;padding-left: 4% !important;border-color: #E5E5E5 !important;}.vc_custom_1734270461750{border-top-width: 1px !important;border-right-width: 1px !important;border-bottom-width: 1px !important;border-left-width: 1px !important;padding-top: 4% !important;padding-right: 4% !important;padding-bottom: 4% !important;padding-left: 4% !important;border-left-style: solid !important;border-right-style: solid !important;border-top-style: solid !important;border-bottom-style: solid !important;border-radius: 1px !important;border-color: #E5E5E5 !important;}<\/style><div class=\"wpb-content-wrapper\"><div class=\"vc_row wpb_row vc_row-fluid\"><div class=\"wpb_column vc_column_container vc_col-sm-12 vc_col-has-fill wd-rs-67502f36d4460\"><div class=\"vc_column-inner vc_custom_1733308228591\"><div class=\"wpb_wrapper\">\n\t<div class=\"wpb_text_column wpb_content_element vc_custom_1734270461750\" >\n\t\t<div class=\"wpb_wrapper\">\n\t\t\t<p><strong>Productveiligheidsverordening<\/strong><br \/>\nEconomische actor Naam: TermaTech A\/S<br \/>\nAdres: Gunnar Clausens Vej 36, DK-8260 Viby J, Denemarken<\/p>\n<p>E-mail: info@termatech.com<\/p>\n\n\t\t<\/div>\n\t<\/div>\n<\/div><\/div><\/div><\/div><\/div>\n<\/div>","protected":false},"excerpt":{"rendered":"<p class=\"bodytext\">De universele afzuigregeling AS 4020\/2: de ideale  deur-\/raamschakelaar voor een beter energieverbruik en afzuigbeveiliging in huis. Bespaart energiekosten en voorkomt onnodig continu ventileren.<\/p>\n<p class=\"bodytext\">NIEUW: nu met omschakelaar! Schakelt apparaten nu naar keuze bij geopende of gesloten ramen\/deuren IN of UIT!<\/p>","protected":false},"featured_media":8266,"template":"","meta":[],"product_brand":[],"product_cat":[331,30],"product_tag":[],"class_list":{"0":"post-8264","1":"product","2":"type-product","3":"status-publish","4":"has-post-thumbnail","6":"product_cat-ersatzteile","7":"product_cat-zubehoer","8":"product_shipping_class-feuer-und-flamme","9":"pa_hersteller-termatech","11":"first","12":"instock","13":"sale","14":"taxable","15":"shipping-taxable","16":"purchasable","17":"product-type-simple"},"yoast_head":"<!-- This site is optimized with the Yoast SEO Premium plugin v26.8 (Yoast SEO v27.5) - https:\/\/yoast.com\/product\/yoast-seo-premium-wordpress\/ -->\n<title>Ersatzteil 01 - Feuer und Flamme<\/title>\n<meta name=\"robots\" content=\"noindex, follow, max-snippet:-1, max-image-preview:large, max-video-preview:-1\" \/>\n<meta property=\"og:locale\" content=\"nl_NL\" \/>\n<meta property=\"og:type\" content=\"article\" \/>\n<meta property=\"og:title\" content=\"Ersatzteil 01\" \/>\n<meta property=\"og:description\" content=\"Die Universal-Abluftsteuerung AS 4020\/2: der ideale \u00a0T\u00fcr\/Fensterschalter f\u00fcr bessere Energieauslastung und Abluftsicherung im Haus. Spart Energiekosten und verhindert unn\u00f6tiges Dauerl\u00fcften.NEU: Jetzt mit Umschalter! Schaltet jetzt\u00a0Ger\u00e4te wahlweise bei ge\u00f6ffnetem oder geschlossenem Fenster\/T\u00fcr EIN oder AUS!\" \/>\n<meta property=\"og:url\" content=\"https:\/\/staging.feuer-flamme.com\/nl\/product-2\/ersatzteil-01\/\" \/>\n<meta property=\"og:site_name\" content=\"Feuer und Flamme\" \/>\n<meta property=\"article:publisher\" content=\"https:\/\/www.facebook.com\/feuer.flamme.kaminofen\/\" \/>\n<meta property=\"article:modified_time\" content=\"2026-03-28T14:32:11+00:00\" \/>\n<meta name=\"twitter:card\" content=\"summary_large_image\" \/>\n<meta name=\"twitter:label1\" content=\"Prijs\" \/>\n\t<meta name=\"twitter:data1\" content=\"&euro;99,00\" \/>\n\t<meta name=\"twitter:label2\" content=\"Beschikbaarheid\" \/>\n\t<meta name=\"twitter:data2\" content=\"Op voorraad\" \/>\n<script type=\"application\/ld+json\" class=\"yoast-schema-graph\">{\"@context\":\"https:\\\/\\\/schema.org\",\"@graph\":[{\"@type\":\"WebPage\",\"@id\":\"https:\\\/\\\/staging.feuer-flamme.com\\\/produkt\\\/ersatzteil-01\",\"url\":\"https:\\\/\\\/staging.feuer-flamme.com\\\/produkt\\\/ersatzteil-01\",\"name\":\"Ersatzteil 01 - Feuer und Flamme\",\"isPartOf\":{\"@id\":\"https:\\\/\\\/staging.feuer-flamme.com\\\/#website\"},\"primaryImageOfPage\":{\"@id\":\"https:\\\/\\\/staging.feuer-flamme.com\\\/produkt\\\/ersatzteil-01#primaryimage\"},\"image\":{\"@id\":\"https:\\\/\\\/staging.feuer-flamme.com\\\/produkt\\\/ersatzteil-01#primaryimage\"},\"thumbnailUrl\":\"https:\\\/\\\/staging.feuer-flamme.com\\\/wp-content\\\/uploads\\\/2026\\\/03\\\/ersatzteil01_gallery_01.jpg\",\"datePublished\":\"2026-03-26T13:02:03+00:00\",\"dateModified\":\"2026-03-28T14:32:11+00:00\",\"breadcrumb\":{\"@id\":\"https:\\\/\\\/staging.feuer-flamme.com\\\/produkt\\\/ersatzteil-01#breadcrumb\"},\"inLanguage\":\"nl-NL\",\"potentialAction\":[{\"@type\":\"ReadAction\",\"target\":[\"https:\\\/\\\/staging.feuer-flamme.com\\\/produkt\\\/ersatzteil-01\"]}]},{\"@type\":\"ImageObject\",\"inLanguage\":\"nl-NL\",\"@id\":\"https:\\\/\\\/staging.feuer-flamme.com\\\/produkt\\\/ersatzteil-01#primaryimage\",\"url\":\"https:\\\/\\\/staging.feuer-flamme.com\\\/wp-content\\\/uploads\\\/2026\\\/03\\\/ersatzteil01_gallery_01.jpg\",\"contentUrl\":\"https:\\\/\\\/staging.feuer-flamme.com\\\/wp-content\\\/uploads\\\/2026\\\/03\\\/ersatzteil01_gallery_01.jpg\",\"width\":600,\"height\":500,\"caption\":\"Wei\u00dfe Steckdosenleiste mit Schutzfunktion, seitlich montiertem Kabel und rotem \\\"Protector\\\"-Logo. Geeignet f\u00fcr den Einsatz in Innenr\u00e4umen.\"},{\"@type\":\"BreadcrumbList\",\"@id\":\"https:\\\/\\\/staging.feuer-flamme.com\\\/produkt\\\/ersatzteil-01#breadcrumb\",\"itemListElement\":[{\"@type\":\"ListItem\",\"position\":1,\"name\":\"Startseite\",\"item\":\"https:\\\/\\\/staging.feuer-flamme.com\\\/\"},{\"@type\":\"ListItem\",\"position\":2,\"name\":\"Feuer &#038; Flamme Kamin\u00f6fen\",\"item\":\"https:\\\/\\\/staging.feuer-flamme.com\\\/shop\"},{\"@type\":\"ListItem\",\"position\":3,\"name\":\"Ersatzteil 01\"}]},{\"@type\":\"WebSite\",\"@id\":\"https:\\\/\\\/staging.feuer-flamme.com\\\/#website\",\"url\":\"https:\\\/\\\/staging.feuer-flamme.com\\\/\",\"name\":\"Feuer und Flamme\",\"description\":\"Kamin\u00d6fen\",\"publisher\":{\"@id\":\"https:\\\/\\\/staging.feuer-flamme.com\\\/#organization\"},\"potentialAction\":[{\"@type\":\"SearchAction\",\"target\":{\"@type\":\"EntryPoint\",\"urlTemplate\":\"https:\\\/\\\/staging.feuer-flamme.com\\\/?s={search_term_string}\"},\"query-input\":{\"@type\":\"PropertyValueSpecification\",\"valueRequired\":true,\"valueName\":\"search_term_string\"}}],\"inLanguage\":\"nl-NL\"},{\"@type\":\"Organization\",\"@id\":\"https:\\\/\\\/staging.feuer-flamme.com\\\/#organization\",\"name\":\"Feuer & Flamme GmbH\",\"url\":\"https:\\\/\\\/staging.feuer-flamme.com\\\/\",\"logo\":{\"@type\":\"ImageObject\",\"inLanguage\":\"nl-NL\",\"@id\":\"https:\\\/\\\/staging.feuer-flamme.com\\\/#\\\/schema\\\/logo\\\/image\\\/\",\"url\":\"https:\\\/\\\/staging.feuer-flamme.com\\\/wp-content\\\/uploads\\\/2020\\\/02\\\/Logo.jpg\",\"contentUrl\":\"https:\\\/\\\/staging.feuer-flamme.com\\\/wp-content\\\/uploads\\\/2020\\\/02\\\/Logo.jpg\",\"width\":150,\"height\":150,\"caption\":\"Feuer & Flamme GmbH\"},\"image\":{\"@id\":\"https:\\\/\\\/staging.feuer-flamme.com\\\/#\\\/schema\\\/logo\\\/image\\\/\"},\"sameAs\":[\"https:\\\/\\\/www.facebook.com\\\/feuer.flamme.kaminofen\\\/\"]}]}<\/script>\n<meta property=\"product:brand\" content=\"Termatech\" \/>\n<meta property=\"product:price:amount\" content=\"99.00\" \/>\n<meta property=\"product:price:currency\" content=\"EUR\" \/>\n<meta property=\"og:availability\" content=\"instock\" \/>\n<meta property=\"product:availability\" content=\"instock\" \/>\n<meta property=\"product:retailer_item_id\" content=\"ersatzteil01\" \/>\n<meta property=\"product:condition\" content=\"new\" \/>\n<!-- \/ Yoast SEO Premium plugin. -->","yoast_head_json":{"title":"Ersatzteil 01 - Feuer und Flamme","robots":{"index":"noindex","follow":"follow","max-snippet":"max-snippet:-1","max-image-preview":"max-image-preview:large","max-video-preview":"max-video-preview:-1"},"og_locale":"nl_NL","og_type":"article","og_title":"Ersatzteil 01","og_description":"Die Universal-Abluftsteuerung AS 4020\/2: der ideale \u00a0T\u00fcr\/Fensterschalter f\u00fcr bessere Energieauslastung und Abluftsicherung im Haus. Spart Energiekosten und verhindert unn\u00f6tiges Dauerl\u00fcften.NEU: Jetzt mit Umschalter! Schaltet jetzt\u00a0Ger\u00e4te wahlweise bei ge\u00f6ffnetem oder geschlossenem Fenster\/T\u00fcr EIN oder AUS!","og_url":"https:\/\/staging.feuer-flamme.com\/nl\/product-2\/ersatzteil-01\/","og_site_name":"Feuer und Flamme","article_publisher":"https:\/\/www.facebook.com\/feuer.flamme.kaminofen\/","article_modified_time":"2026-03-28T14:32:11+00:00","twitter_card":"summary_large_image","twitter_misc":{"Prijs":"&euro;99,00","Beschikbaarheid":"Op voorraad"},"schema":{"@context":"https:\/\/schema.org","@graph":[{"@type":"WebPage","@id":"https:\/\/staging.feuer-flamme.com\/produkt\/ersatzteil-01","url":"https:\/\/staging.feuer-flamme.com\/produkt\/ersatzteil-01","name":"Ersatzteil 01 - Feuer und Flamme","isPartOf":{"@id":"https:\/\/staging.feuer-flamme.com\/#website"},"primaryImageOfPage":{"@id":"https:\/\/staging.feuer-flamme.com\/produkt\/ersatzteil-01#primaryimage"},"image":{"@id":"https:\/\/staging.feuer-flamme.com\/produkt\/ersatzteil-01#primaryimage"},"thumbnailUrl":"https:\/\/staging.feuer-flamme.com\/wp-content\/uploads\/2026\/03\/ersatzteil01_gallery_01.jpg","datePublished":"2026-03-26T13:02:03+00:00","dateModified":"2026-03-28T14:32:11+00:00","breadcrumb":{"@id":"https:\/\/staging.feuer-flamme.com\/produkt\/ersatzteil-01#breadcrumb"},"inLanguage":"nl-NL","potentialAction":[{"@type":"ReadAction","target":["https:\/\/staging.feuer-flamme.com\/produkt\/ersatzteil-01"]}]},{"@type":"ImageObject","inLanguage":"nl-NL","@id":"https:\/\/staging.feuer-flamme.com\/produkt\/ersatzteil-01#primaryimage","url":"https:\/\/staging.feuer-flamme.com\/wp-content\/uploads\/2026\/03\/ersatzteil01_gallery_01.jpg","contentUrl":"https:\/\/staging.feuer-flamme.com\/wp-content\/uploads\/2026\/03\/ersatzteil01_gallery_01.jpg","width":600,"height":500,"caption":"Wei\u00dfe Steckdosenleiste mit Schutzfunktion, seitlich montiertem Kabel und rotem \"Protector\"-Logo. Geeignet f\u00fcr den Einsatz in Innenr\u00e4umen."},{"@type":"BreadcrumbList","@id":"https:\/\/staging.feuer-flamme.com\/produkt\/ersatzteil-01#breadcrumb","itemListElement":[{"@type":"ListItem","position":1,"name":"Startseite","item":"https:\/\/staging.feuer-flamme.com\/"},{"@type":"ListItem","position":2,"name":"Feuer &#038; Flamme Kamin\u00f6fen","item":"https:\/\/staging.feuer-flamme.com\/shop"},{"@type":"ListItem","position":3,"name":"Ersatzteil 01"}]},{"@type":"WebSite","@id":"https:\/\/staging.feuer-flamme.com\/#website","url":"https:\/\/staging.feuer-flamme.com\/","name":"Feuer und Flamme","description":"Open haarden","publisher":{"@id":"https:\/\/staging.feuer-flamme.com\/#organization"},"potentialAction":[{"@type":"SearchAction","target":{"@type":"EntryPoint","urlTemplate":"https:\/\/staging.feuer-flamme.com\/?s={search_term_string}"},"query-input":{"@type":"PropertyValueSpecification","valueRequired":true,"valueName":"search_term_string"}}],"inLanguage":"nl-NL"},{"@type":"Organization","@id":"https:\/\/staging.feuer-flamme.com\/#organization","name":"Feuer &amp; Flamme GmbH","url":"https:\/\/staging.feuer-flamme.com\/","logo":{"@type":"ImageObject","inLanguage":"nl-NL","@id":"https:\/\/staging.feuer-flamme.com\/#\/schema\/logo\/image\/","url":"https:\/\/staging.feuer-flamme.com\/wp-content\/uploads\/2020\/02\/Logo.jpg","contentUrl":"https:\/\/staging.feuer-flamme.com\/wp-content\/uploads\/2020\/02\/Logo.jpg","width":150,"height":150,"caption":"Feuer & Flamme GmbH"},"image":{"@id":"https:\/\/staging.feuer-flamme.com\/#\/schema\/logo\/image\/"},"sameAs":["https:\/\/www.facebook.com\/feuer.flamme.kaminofen\/"]}]},"product_brand":"Termatech","product_price_amount":"99.00","product_price_currency":"EUR","og_availability":"instock","product_availability":"instock","product_retailer_item_id":"ersatzteil01","product_condition":"new"},"_links":{"self":[{"href":"https:\/\/staging.feuer-flamme.com\/nl\/wp-json\/wp\/v2\/product\/8264","targetHints":{"allow":["GET"]}}],"collection":[{"href":"https:\/\/staging.feuer-flamme.com\/nl\/wp-json\/wp\/v2\/product"}],"about":[{"href":"https:\/\/staging.feuer-flamme.com\/nl\/wp-json\/wp\/v2\/types\/product"}],"wp:featuredmedia":[{"embeddable":true,"href":"https:\/\/staging.feuer-flamme.com\/nl\/wp-json\/wp\/v2\/media\/8266"}],"wp:attachment":[{"href":"https:\/\/staging.feuer-flamme.com\/nl\/wp-json\/wp\/v2\/media?parent=8264"}],"wp:term":[{"taxonomy":"product_brand","embeddable":true,"href":"https:\/\/staging.feuer-flamme.com\/nl\/wp-json\/wp\/v2\/product_brand?post=8264"},{"taxonomy":"product_cat","embeddable":true,"href":"https:\/\/staging.feuer-flamme.com\/nl\/wp-json\/wp\/v2\/product_cat?post=8264"},{"taxonomy":"product_tag","embeddable":true,"href":"https:\/\/staging.feuer-flamme.com\/nl\/wp-json\/wp\/v2\/product_tag?post=8264"}],"curies":[{"name":"wp","href":"https:\/\/api.w.org\/{rel}","templated":true}]}}