{"id":4586,"date":"2020-09-19T17:00:47","date_gmt":"2020-09-19T17:00:47","guid":{"rendered":"https:\/\/feuer-flamme.com\/?post_type=product&#038;p=4586"},"modified":"2025-10-06T11:24:15","modified_gmt":"2025-10-06T11:24:15","slug":"opslagblok-filou-xl","status":"publish","type":"product","link":"https:\/\/staging.feuer-flamme.com\/nl\/produkt\/speicherblock-filou-xl","title":{"rendered":"Opslagblok Filou XL -Tea"},"content":{"rendered":"","protected":false},"excerpt":{"rendered":"<p>Massieve chamotte-opslag voor model Cito en model Tea.<\/p>\n<p>Diameter 398 mm Hoogte 200 mm Gewicht 40 kg<\/p>\n<p>&nbsp;<\/p>","protected":false},"featured_media":3963,"template":"","meta":[],"product_brand":[],"product_cat":[30],"product_tag":[],"class_list":{"0":"post-4586","1":"product","2":"type-product","3":"status-publish","4":"has-post-thumbnail","6":"product_cat-zubehoer","7":"pa_hersteller-feuerund-flamme","8":"pa_versandkosten-238","10":"first","11":"instock","12":"taxable","13":"shipping-taxable","14":"purchasable","15":"product-type-simple"},"yoast_head":"<!-- This site is optimized with the Yoast SEO Premium plugin v26.8 (Yoast SEO v27.5) - https:\/\/yoast.com\/product\/yoast-seo-premium-wordpress\/ -->\n<title>Speicherblock Filou XL -Tea - Feuer und Flamme<\/title>\n<meta name=\"robots\" content=\"noindex, follow, max-snippet:-1, max-image-preview:large, max-video-preview:-1\" \/>\n<meta property=\"og:locale\" content=\"nl_NL\" \/>\n<meta property=\"og:type\" content=\"article\" \/>\n<meta property=\"og:title\" content=\"Speicherblock Filou XL -Tea\" \/>\n<meta property=\"og:description\" content=\"Massiver Schamottespeicher f\u00fcr Modell Cito und Modell Tea.  Durchmesser 398 mm H\u00f6he 200 mm Gewicht 40 Kg  &nbsp;\" \/>\n<meta property=\"og:url\" content=\"https:\/\/staging.feuer-flamme.com\/nl\/product-2\/opslagblok-filou-xl\/\" \/>\n<meta property=\"og:site_name\" content=\"Feuer und Flamme\" \/>\n<meta property=\"article:publisher\" content=\"https:\/\/www.facebook.com\/feuer.flamme.kaminofen\/\" \/>\n<meta property=\"article:modified_time\" content=\"2025-10-06T11:24:15+00:00\" \/>\n<meta property=\"og:image\" content=\"https:\/\/staging.feuer-flamme.com\/wp-content\/uploads\/2020\/08\/Cito-Speicher1.jpg\" \/>\n\t<meta property=\"og:image:width\" content=\"600\" \/>\n\t<meta property=\"og:image:height\" content=\"500\" \/>\n\t<meta property=\"og:image:type\" content=\"image\/jpeg\" \/>\n<meta name=\"twitter:card\" content=\"summary_large_image\" \/>\n<meta name=\"twitter:label1\" content=\"Prijs\" \/>\n\t<meta name=\"twitter:data1\" content=\"&euro;499,00\" \/>\n\t<meta name=\"twitter:label2\" content=\"Beschikbaarheid\" \/>\n\t<meta name=\"twitter:data2\" content=\"Op voorraad\" \/>\n<script type=\"application\/ld+json\" class=\"yoast-schema-graph\">{\"@context\":\"https:\\\/\\\/schema.org\",\"@graph\":[{\"@type\":\"WebPage\",\"@id\":\"https:\\\/\\\/staging.feuer-flamme.com\\\/produkt\\\/speicherblock-filou-xl\",\"url\":\"https:\\\/\\\/staging.feuer-flamme.com\\\/produkt\\\/speicherblock-filou-xl\",\"name\":\"Speicherblock Filou XL -Tea - Feuer und Flamme\",\"isPartOf\":{\"@id\":\"https:\\\/\\\/staging.feuer-flamme.com\\\/#website\"},\"primaryImageOfPage\":{\"@id\":\"https:\\\/\\\/staging.feuer-flamme.com\\\/produkt\\\/speicherblock-filou-xl#primaryimage\"},\"image\":{\"@id\":\"https:\\\/\\\/staging.feuer-flamme.com\\\/produkt\\\/speicherblock-filou-xl#primaryimage\"},\"thumbnailUrl\":\"https:\\\/\\\/staging.feuer-flamme.com\\\/wp-content\\\/uploads\\\/2020\\\/08\\\/Cito-Speicher1.jpg\",\"datePublished\":\"2020-09-19T17:00:47+00:00\",\"dateModified\":\"2025-10-06T11:24:15+00:00\",\"breadcrumb\":{\"@id\":\"https:\\\/\\\/staging.feuer-flamme.com\\\/produkt\\\/speicherblock-filou-xl#breadcrumb\"},\"inLanguage\":\"nl-NL\",\"potentialAction\":[{\"@type\":\"ReadAction\",\"target\":[\"https:\\\/\\\/staging.feuer-flamme.com\\\/produkt\\\/speicherblock-filou-xl\"]}]},{\"@type\":\"ImageObject\",\"inLanguage\":\"nl-NL\",\"@id\":\"https:\\\/\\\/staging.feuer-flamme.com\\\/produkt\\\/speicherblock-filou-xl#primaryimage\",\"url\":\"https:\\\/\\\/staging.feuer-flamme.com\\\/wp-content\\\/uploads\\\/2020\\\/08\\\/Cito-Speicher1.jpg\",\"contentUrl\":\"https:\\\/\\\/staging.feuer-flamme.com\\\/wp-content\\\/uploads\\\/2020\\\/08\\\/Cito-Speicher1.jpg\",\"width\":600,\"height\":500,\"caption\":\"Alt-Text: Ein runder Speicherblock f\u00fcr einen Kaminofen, bestehend aus mehreren ziegelartigen Segmenten. Der Speicher ist in einem warmen, nat\u00fcrlichen Farbton gehalten und dient zur effizienten W\u00e4rmespeicherung. Ideal f\u00fcr Holz\u00f6fen, um die W\u00e4rme l\u00e4nger im Raum zu halten. Perfektes Zubeh\u00f6r f\u00fcr jeden Kaminofen, das sowohl Funktionalit\u00e4t als auch Energieeffizienz unterst\u00fctzt.\"},{\"@type\":\"BreadcrumbList\",\"@id\":\"https:\\\/\\\/staging.feuer-flamme.com\\\/produkt\\\/speicherblock-filou-xl#breadcrumb\",\"itemListElement\":[{\"@type\":\"ListItem\",\"position\":1,\"name\":\"Startseite\",\"item\":\"https:\\\/\\\/staging.feuer-flamme.com\\\/\"},{\"@type\":\"ListItem\",\"position\":2,\"name\":\"Feuer &#038; Flamme Kamin\u00f6fen\",\"item\":\"https:\\\/\\\/staging.feuer-flamme.com\\\/shop\"},{\"@type\":\"ListItem\",\"position\":3,\"name\":\"Speicherblock Filou XL -Tea\"}]},{\"@type\":\"WebSite\",\"@id\":\"https:\\\/\\\/staging.feuer-flamme.com\\\/#website\",\"url\":\"https:\\\/\\\/staging.feuer-flamme.com\\\/\",\"name\":\"Feuer und Flamme\",\"description\":\"Kamin\u00d6fen\",\"publisher\":{\"@id\":\"https:\\\/\\\/staging.feuer-flamme.com\\\/#organization\"},\"potentialAction\":[{\"@type\":\"SearchAction\",\"target\":{\"@type\":\"EntryPoint\",\"urlTemplate\":\"https:\\\/\\\/staging.feuer-flamme.com\\\/?s={search_term_string}\"},\"query-input\":{\"@type\":\"PropertyValueSpecification\",\"valueRequired\":true,\"valueName\":\"search_term_string\"}}],\"inLanguage\":\"nl-NL\"},{\"@type\":\"Organization\",\"@id\":\"https:\\\/\\\/staging.feuer-flamme.com\\\/#organization\",\"name\":\"Feuer & Flamme GmbH\",\"url\":\"https:\\\/\\\/staging.feuer-flamme.com\\\/\",\"logo\":{\"@type\":\"ImageObject\",\"inLanguage\":\"nl-NL\",\"@id\":\"https:\\\/\\\/staging.feuer-flamme.com\\\/#\\\/schema\\\/logo\\\/image\\\/\",\"url\":\"https:\\\/\\\/staging.feuer-flamme.com\\\/wp-content\\\/uploads\\\/2020\\\/02\\\/Logo.jpg\",\"contentUrl\":\"https:\\\/\\\/staging.feuer-flamme.com\\\/wp-content\\\/uploads\\\/2020\\\/02\\\/Logo.jpg\",\"width\":150,\"height\":150,\"caption\":\"Feuer & Flamme GmbH\"},\"image\":{\"@id\":\"https:\\\/\\\/staging.feuer-flamme.com\\\/#\\\/schema\\\/logo\\\/image\\\/\"},\"sameAs\":[\"https:\\\/\\\/www.facebook.com\\\/feuer.flamme.kaminofen\\\/\"]}]}<\/script>\n<meta property=\"product:brand\" content=\"Feuer und Flamme\" \/>\n<meta property=\"product:price:amount\" content=\"499.00\" \/>\n<meta property=\"product:price:currency\" content=\"EUR\" \/>\n<meta property=\"og:availability\" content=\"instock\" \/>\n<meta property=\"product:availability\" content=\"instock\" \/>\n<meta property=\"product:retailer_item_id\" content=\"921295\" \/>\n<meta property=\"product:condition\" content=\"new\" \/>\n<!-- \/ Yoast SEO Premium plugin. -->","yoast_head_json":{"title":"Opslagblok Filou XL -Tea - Feuer und Flamme","robots":{"index":"noindex","follow":"follow","max-snippet":"max-snippet:-1","max-image-preview":"max-image-preview:large","max-video-preview":"max-video-preview:-1"},"og_locale":"nl_NL","og_type":"article","og_title":"Speicherblock Filou XL -Tea","og_description":"Massiver Schamottespeicher f\u00fcr Modell Cito und Modell Tea.  Durchmesser 398 mm H\u00f6he 200 mm Gewicht 40 Kg  &nbsp;","og_url":"https:\/\/staging.feuer-flamme.com\/nl\/product-2\/opslagblok-filou-xl\/","og_site_name":"Feuer und Flamme","article_publisher":"https:\/\/www.facebook.com\/feuer.flamme.kaminofen\/","article_modified_time":"2025-10-06T11:24:15+00:00","og_image":[{"width":600,"height":500,"url":"https:\/\/staging.feuer-flamme.com\/wp-content\/uploads\/2020\/08\/Cito-Speicher1.jpg","type":"image\/jpeg"}],"twitter_card":"summary_large_image","twitter_misc":{"Prijs":"&euro;499,00","Beschikbaarheid":"Op voorraad"},"schema":{"@context":"https:\/\/schema.org","@graph":[{"@type":"WebPage","@id":"https:\/\/staging.feuer-flamme.com\/produkt\/speicherblock-filou-xl","url":"https:\/\/staging.feuer-flamme.com\/produkt\/speicherblock-filou-xl","name":"Opslagblok Filou XL -Tea - Feuer und Flamme","isPartOf":{"@id":"https:\/\/staging.feuer-flamme.com\/#website"},"primaryImageOfPage":{"@id":"https:\/\/staging.feuer-flamme.com\/produkt\/speicherblock-filou-xl#primaryimage"},"image":{"@id":"https:\/\/staging.feuer-flamme.com\/produkt\/speicherblock-filou-xl#primaryimage"},"thumbnailUrl":"https:\/\/staging.feuer-flamme.com\/wp-content\/uploads\/2020\/08\/Cito-Speicher1.jpg","datePublished":"2020-09-19T17:00:47+00:00","dateModified":"2025-10-06T11:24:15+00:00","breadcrumb":{"@id":"https:\/\/staging.feuer-flamme.com\/produkt\/speicherblock-filou-xl#breadcrumb"},"inLanguage":"nl-NL","potentialAction":[{"@type":"ReadAction","target":["https:\/\/staging.feuer-flamme.com\/produkt\/speicherblock-filou-xl"]}]},{"@type":"ImageObject","inLanguage":"nl-NL","@id":"https:\/\/staging.feuer-flamme.com\/produkt\/speicherblock-filou-xl#primaryimage","url":"https:\/\/staging.feuer-flamme.com\/wp-content\/uploads\/2020\/08\/Cito-Speicher1.jpg","contentUrl":"https:\/\/staging.feuer-flamme.com\/wp-content\/uploads\/2020\/08\/Cito-Speicher1.jpg","width":600,"height":500,"caption":"Alt-Text: Ein runder Speicherblock f\u00fcr einen Kaminofen, bestehend aus mehreren ziegelartigen Segmenten. Der Speicher ist in einem warmen, nat\u00fcrlichen Farbton gehalten und dient zur effizienten W\u00e4rmespeicherung. Ideal f\u00fcr Holz\u00f6fen, um die W\u00e4rme l\u00e4nger im Raum zu halten. Perfektes Zubeh\u00f6r f\u00fcr jeden Kaminofen, das sowohl Funktionalit\u00e4t als auch Energieeffizienz unterst\u00fctzt."},{"@type":"BreadcrumbList","@id":"https:\/\/staging.feuer-flamme.com\/produkt\/speicherblock-filou-xl#breadcrumb","itemListElement":[{"@type":"ListItem","position":1,"name":"Startseite","item":"https:\/\/staging.feuer-flamme.com\/"},{"@type":"ListItem","position":2,"name":"Feuer &#038; Flamme Kamin\u00f6fen","item":"https:\/\/staging.feuer-flamme.com\/shop"},{"@type":"ListItem","position":3,"name":"Speicherblock Filou XL -Tea"}]},{"@type":"WebSite","@id":"https:\/\/staging.feuer-flamme.com\/#website","url":"https:\/\/staging.feuer-flamme.com\/","name":"Feuer und Flamme","description":"Open haarden","publisher":{"@id":"https:\/\/staging.feuer-flamme.com\/#organization"},"potentialAction":[{"@type":"SearchAction","target":{"@type":"EntryPoint","urlTemplate":"https:\/\/staging.feuer-flamme.com\/?s={search_term_string}"},"query-input":{"@type":"PropertyValueSpecification","valueRequired":true,"valueName":"search_term_string"}}],"inLanguage":"nl-NL"},{"@type":"Organization","@id":"https:\/\/staging.feuer-flamme.com\/#organization","name":"Feuer &amp; Flamme GmbH","url":"https:\/\/staging.feuer-flamme.com\/","logo":{"@type":"ImageObject","inLanguage":"nl-NL","@id":"https:\/\/staging.feuer-flamme.com\/#\/schema\/logo\/image\/","url":"https:\/\/staging.feuer-flamme.com\/wp-content\/uploads\/2020\/02\/Logo.jpg","contentUrl":"https:\/\/staging.feuer-flamme.com\/wp-content\/uploads\/2020\/02\/Logo.jpg","width":150,"height":150,"caption":"Feuer & Flamme GmbH"},"image":{"@id":"https:\/\/staging.feuer-flamme.com\/#\/schema\/logo\/image\/"},"sameAs":["https:\/\/www.facebook.com\/feuer.flamme.kaminofen\/"]}]},"product_brand":"Feuer und Flamme","product_price_amount":"499.00","product_price_currency":"EUR","og_availability":"instock","product_availability":"instock","product_retailer_item_id":"921295","product_condition":"new"},"_links":{"self":[{"href":"https:\/\/staging.feuer-flamme.com\/nl\/wp-json\/wp\/v2\/product\/4586","targetHints":{"allow":["GET"]}}],"collection":[{"href":"https:\/\/staging.feuer-flamme.com\/nl\/wp-json\/wp\/v2\/product"}],"about":[{"href":"https:\/\/staging.feuer-flamme.com\/nl\/wp-json\/wp\/v2\/types\/product"}],"wp:featuredmedia":[{"embeddable":true,"href":"https:\/\/staging.feuer-flamme.com\/nl\/wp-json\/wp\/v2\/media\/3963"}],"wp:attachment":[{"href":"https:\/\/staging.feuer-flamme.com\/nl\/wp-json\/wp\/v2\/media?parent=4586"}],"wp:term":[{"taxonomy":"product_brand","embeddable":true,"href":"https:\/\/staging.feuer-flamme.com\/nl\/wp-json\/wp\/v2\/product_brand?post=4586"},{"taxonomy":"product_cat","embeddable":true,"href":"https:\/\/staging.feuer-flamme.com\/nl\/wp-json\/wp\/v2\/product_cat?post=4586"},{"taxonomy":"product_tag","embeddable":true,"href":"https:\/\/staging.feuer-flamme.com\/nl\/wp-json\/wp\/v2\/product_tag?post=4586"}],"curies":[{"name":"wp","href":"https:\/\/api.w.org\/{rel}","templated":true}]}}