{"id":3426,"date":"2020-06-28T16:28:42","date_gmt":"2020-06-28T16:28:42","guid":{"rendered":"http:\/\/feuer-flamme.org\/?post_type=product&#038;p=3426"},"modified":"2025-11-19T11:11:04","modified_gmt":"2025-11-19T11:11:04","slug":"aluflexslang-grijs","status":"publish","type":"product","link":"https:\/\/staging.feuer-flamme.com\/nl\/produkt\/aluflexschlauch-grau","title":{"rendered":"Aluflex-slang grijs"},"content":{"rendered":"<div class=\"wpb-content-wrapper\"><p>Aansluitslang voor externe toevoerlucht 100 mm<\/p>\n<style data-type=\"vc_shortcodes-custom-css\">.vc_custom_1733308228591{margin-top: 0% !important;margin-right: 0% !important;margin-bottom: 0% !important;margin-left: 0% !important;border-top-width: 1px !important;border-right-width: 1px !important;border-bottom-width: 1px !important;border-left-width: 1px !important;padding-left: 4% !important;border-color: #E5E5E5 !important;}.vc_custom_1734270461750{border-top-width: 1px !important;border-right-width: 1px !important;border-bottom-width: 1px !important;border-left-width: 1px !important;padding-top: 4% !important;padding-right: 4% !important;padding-bottom: 4% !important;padding-left: 4% !important;border-left-style: solid !important;border-right-style: solid !important;border-top-style: solid !important;border-bottom-style: solid !important;border-radius: 1px !important;border-color: #E5E5E5 !important;}<\/style><div class=\"wpb-content-wrapper\"><div class=\"vc_row wpb_row vc_row-fluid\"><div class=\"wpb_column vc_column_container vc_col-sm-12 vc_col-has-fill wd-rs-67502f36d4460\"><div class=\"vc_column-inner vc_custom_1733308228591\"><div class=\"wpb_wrapper\">\n\t<div class=\"wpb_text_column wpb_content_element vc_custom_1734270461750\" >\n\t\t<div class=\"wpb_wrapper\">\n\t\t\t<p><strong>Productveiligheidsverordening<\/strong><br \/>\nEconomische actor Naam: TermaTech A\/S<br \/>\nAdres: Gunnar Clausens Vej 36, DK-8260 Viby J, Denemarken<\/p>\n<p>E-mail: info@termatech.com<\/p>\n\n\t\t<\/div>\n\t<\/div>\n<\/div><\/div><\/div><\/div><\/div>\n<\/div>","protected":false},"excerpt":{"rendered":"<p>Aluflex-slang<\/p>","protected":false},"featured_media":3427,"template":"","meta":[],"product_brand":[],"product_cat":[234,30],"product_tag":[192,193],"class_list":{"0":"post-3426","1":"product","2":"type-product","3":"status-publish","4":"has-post-thumbnail","6":"product_cat-lueftungszubehoer","7":"product_cat-zubehoer","8":"product_tag-ofenrohr-50-cm-150mm-schwarz","9":"product_tag-ofenrohre-winkel-90","10":"product_shipping_class-feuer-und-flamme","11":"pa_hersteller-feuerund-flamme","12":"pa_versandkosten-238","14":"first","15":"instock","16":"taxable","17":"shipping-taxable","18":"purchasable","19":"product-type-simple"},"yoast_head":"<!-- This site is optimized with the Yoast SEO Premium plugin v26.8 (Yoast SEO v27.6) - https:\/\/yoast.com\/product\/yoast-seo-premium-wordpress\/ -->\n<title>Aluflexschlauch grau - Feuer und Flamme<\/title>\n<meta name=\"robots\" content=\"noindex, follow, max-snippet:-1, max-image-preview:large, max-video-preview:-1\" \/>\n<meta property=\"og:locale\" content=\"nl_NL\" \/>\n<meta property=\"og:type\" content=\"article\" \/>\n<meta property=\"og:title\" content=\"Aluflexschlauch grau\" \/>\n<meta property=\"og:description\" content=\"Aluflexschlauch\" \/>\n<meta property=\"og:url\" content=\"https:\/\/staging.feuer-flamme.com\/nl\/product-2\/aluflexslang-grijs\/\" \/>\n<meta property=\"og:site_name\" content=\"Feuer und Flamme\" \/>\n<meta property=\"article:publisher\" content=\"https:\/\/www.facebook.com\/feuer.flamme.kaminofen\/\" \/>\n<meta property=\"article:modified_time\" content=\"2025-11-19T11:11:04+00:00\" \/>\n<meta property=\"og:image\" content=\"https:\/\/staging.feuer-flamme.com\/wp-content\/uploads\/2020\/06\/Aluflex-grau.jpg\" \/>\n\t<meta property=\"og:image:width\" content=\"500\" \/>\n\t<meta property=\"og:image:height\" content=\"400\" \/>\n\t<meta property=\"og:image:type\" content=\"image\/jpeg\" \/>\n<meta name=\"twitter:card\" content=\"summary_large_image\" \/>\n<meta name=\"twitter:label1\" content=\"Prijs\" \/>\n\t<meta name=\"twitter:data1\" content=\"&euro;39,00\" \/>\n\t<meta name=\"twitter:label2\" content=\"Beschikbaarheid\" \/>\n\t<meta name=\"twitter:data2\" content=\"Op voorraad\" \/>\n<script type=\"application\/ld+json\" class=\"yoast-schema-graph\">{\"@context\":\"https:\\\/\\\/schema.org\",\"@graph\":[{\"@type\":\"WebPage\",\"@id\":\"https:\\\/\\\/staging.feuer-flamme.com\\\/produkt\\\/aluflexschlauch-grau\",\"url\":\"https:\\\/\\\/staging.feuer-flamme.com\\\/produkt\\\/aluflexschlauch-grau\",\"name\":\"Aluflexschlauch grau - Feuer und Flamme\",\"isPartOf\":{\"@id\":\"https:\\\/\\\/staging.feuer-flamme.com\\\/#website\"},\"primaryImageOfPage\":{\"@id\":\"https:\\\/\\\/staging.feuer-flamme.com\\\/produkt\\\/aluflexschlauch-grau#primaryimage\"},\"image\":{\"@id\":\"https:\\\/\\\/staging.feuer-flamme.com\\\/produkt\\\/aluflexschlauch-grau#primaryimage\"},\"thumbnailUrl\":\"https:\\\/\\\/staging.feuer-flamme.com\\\/wp-content\\\/uploads\\\/2020\\\/06\\\/Aluflex-grau.jpg\",\"datePublished\":\"2020-06-28T16:28:42+00:00\",\"dateModified\":\"2025-11-19T11:11:04+00:00\",\"breadcrumb\":{\"@id\":\"https:\\\/\\\/staging.feuer-flamme.com\\\/produkt\\\/aluflexschlauch-grau#breadcrumb\"},\"inLanguage\":\"nl-NL\",\"potentialAction\":[{\"@type\":\"ReadAction\",\"target\":[\"https:\\\/\\\/staging.feuer-flamme.com\\\/produkt\\\/aluflexschlauch-grau\"]}]},{\"@type\":\"ImageObject\",\"inLanguage\":\"nl-NL\",\"@id\":\"https:\\\/\\\/staging.feuer-flamme.com\\\/produkt\\\/aluflexschlauch-grau#primaryimage\",\"url\":\"https:\\\/\\\/staging.feuer-flamme.com\\\/wp-content\\\/uploads\\\/2020\\\/06\\\/Aluflex-grau.jpg\",\"contentUrl\":\"https:\\\/\\\/staging.feuer-flamme.com\\\/wp-content\\\/uploads\\\/2020\\\/06\\\/Aluflex-grau.jpg\",\"width\":500,\"height\":400,\"caption\":\"Alt-Text: Ein graues Aluflexrohr, das sich gut als Zubeh\u00f6r f\u00fcr einen Kaminofen eignet. Dieses Rohr kann zur optimalen Bel\u00fcftung und Abgasf\u00fchrung bei Holz\u00f6fen verwendet werden. Es hat eine glatte, flexible Oberfl\u00e4che und ist in neutralem Grau gehalten, was sich unauff\u00e4llig in verschiedene Ofendesigns integrieren l\u00e4sst.\"},{\"@type\":\"BreadcrumbList\",\"@id\":\"https:\\\/\\\/staging.feuer-flamme.com\\\/produkt\\\/aluflexschlauch-grau#breadcrumb\",\"itemListElement\":[{\"@type\":\"ListItem\",\"position\":1,\"name\":\"Startseite\",\"item\":\"https:\\\/\\\/staging.feuer-flamme.com\\\/\"},{\"@type\":\"ListItem\",\"position\":2,\"name\":\"Feuer &#038; Flamme Kamin\u00f6fen\",\"item\":\"https:\\\/\\\/staging.feuer-flamme.com\\\/shop\"},{\"@type\":\"ListItem\",\"position\":3,\"name\":\"Aluflexschlauch grau\"}]},{\"@type\":\"WebSite\",\"@id\":\"https:\\\/\\\/staging.feuer-flamme.com\\\/#website\",\"url\":\"https:\\\/\\\/staging.feuer-flamme.com\\\/\",\"name\":\"Feuer und Flamme\",\"description\":\"Kamin\u00d6fen\",\"publisher\":{\"@id\":\"https:\\\/\\\/staging.feuer-flamme.com\\\/#organization\"},\"potentialAction\":[{\"@type\":\"SearchAction\",\"target\":{\"@type\":\"EntryPoint\",\"urlTemplate\":\"https:\\\/\\\/staging.feuer-flamme.com\\\/?s={search_term_string}\"},\"query-input\":{\"@type\":\"PropertyValueSpecification\",\"valueRequired\":true,\"valueName\":\"search_term_string\"}}],\"inLanguage\":\"nl-NL\"},{\"@type\":\"Organization\",\"@id\":\"https:\\\/\\\/staging.feuer-flamme.com\\\/#organization\",\"name\":\"Feuer & Flamme GmbH\",\"url\":\"https:\\\/\\\/staging.feuer-flamme.com\\\/\",\"logo\":{\"@type\":\"ImageObject\",\"inLanguage\":\"nl-NL\",\"@id\":\"https:\\\/\\\/staging.feuer-flamme.com\\\/#\\\/schema\\\/logo\\\/image\\\/\",\"url\":\"https:\\\/\\\/staging.feuer-flamme.com\\\/wp-content\\\/uploads\\\/2020\\\/02\\\/Logo.jpg\",\"contentUrl\":\"https:\\\/\\\/staging.feuer-flamme.com\\\/wp-content\\\/uploads\\\/2020\\\/02\\\/Logo.jpg\",\"width\":150,\"height\":150,\"caption\":\"Feuer & Flamme GmbH\"},\"image\":{\"@id\":\"https:\\\/\\\/staging.feuer-flamme.com\\\/#\\\/schema\\\/logo\\\/image\\\/\"},\"sameAs\":[\"https:\\\/\\\/www.facebook.com\\\/feuer.flamme.kaminofen\\\/\"]}]}<\/script>\n<meta property=\"product:brand\" content=\"Feuer und Flamme\" \/>\n<meta property=\"product:price:amount\" content=\"39.00\" \/>\n<meta property=\"product:price:currency\" content=\"EUR\" \/>\n<meta property=\"og:availability\" content=\"instock\" \/>\n<meta property=\"product:availability\" content=\"instock\" \/>\n<meta property=\"product:retailer_item_id\" content=\"200422\" \/>\n<meta property=\"product:condition\" content=\"new\" \/>\n<!-- \/ Yoast SEO Premium plugin. -->","yoast_head_json":{"title":"Aluflex-slang grijs - Feuer und Flamme","robots":{"index":"noindex","follow":"follow","max-snippet":"max-snippet:-1","max-image-preview":"max-image-preview:large","max-video-preview":"max-video-preview:-1"},"og_locale":"nl_NL","og_type":"article","og_title":"Aluflexschlauch grau","og_description":"Aluflexschlauch","og_url":"https:\/\/staging.feuer-flamme.com\/nl\/product-2\/aluflexslang-grijs\/","og_site_name":"Feuer und Flamme","article_publisher":"https:\/\/www.facebook.com\/feuer.flamme.kaminofen\/","article_modified_time":"2025-11-19T11:11:04+00:00","og_image":[{"width":500,"height":400,"url":"https:\/\/staging.feuer-flamme.com\/wp-content\/uploads\/2020\/06\/Aluflex-grau.jpg","type":"image\/jpeg"}],"twitter_card":"summary_large_image","twitter_misc":{"Prijs":"&euro;39,00","Beschikbaarheid":"Op voorraad"},"schema":{"@context":"https:\/\/schema.org","@graph":[{"@type":"WebPage","@id":"https:\/\/staging.feuer-flamme.com\/produkt\/aluflexschlauch-grau","url":"https:\/\/staging.feuer-flamme.com\/produkt\/aluflexschlauch-grau","name":"Aluflex-slang grijs - Feuer und Flamme","isPartOf":{"@id":"https:\/\/staging.feuer-flamme.com\/#website"},"primaryImageOfPage":{"@id":"https:\/\/staging.feuer-flamme.com\/produkt\/aluflexschlauch-grau#primaryimage"},"image":{"@id":"https:\/\/staging.feuer-flamme.com\/produkt\/aluflexschlauch-grau#primaryimage"},"thumbnailUrl":"https:\/\/staging.feuer-flamme.com\/wp-content\/uploads\/2020\/06\/Aluflex-grau.jpg","datePublished":"2020-06-28T16:28:42+00:00","dateModified":"2025-11-19T11:11:04+00:00","breadcrumb":{"@id":"https:\/\/staging.feuer-flamme.com\/produkt\/aluflexschlauch-grau#breadcrumb"},"inLanguage":"nl-NL","potentialAction":[{"@type":"ReadAction","target":["https:\/\/staging.feuer-flamme.com\/produkt\/aluflexschlauch-grau"]}]},{"@type":"ImageObject","inLanguage":"nl-NL","@id":"https:\/\/staging.feuer-flamme.com\/produkt\/aluflexschlauch-grau#primaryimage","url":"https:\/\/staging.feuer-flamme.com\/wp-content\/uploads\/2020\/06\/Aluflex-grau.jpg","contentUrl":"https:\/\/staging.feuer-flamme.com\/wp-content\/uploads\/2020\/06\/Aluflex-grau.jpg","width":500,"height":400,"caption":"Alt-Text: Ein graues Aluflexrohr, das sich gut als Zubeh\u00f6r f\u00fcr einen Kaminofen eignet. Dieses Rohr kann zur optimalen Bel\u00fcftung und Abgasf\u00fchrung bei Holz\u00f6fen verwendet werden. Es hat eine glatte, flexible Oberfl\u00e4che und ist in neutralem Grau gehalten, was sich unauff\u00e4llig in verschiedene Ofendesigns integrieren l\u00e4sst."},{"@type":"BreadcrumbList","@id":"https:\/\/staging.feuer-flamme.com\/produkt\/aluflexschlauch-grau#breadcrumb","itemListElement":[{"@type":"ListItem","position":1,"name":"Startseite","item":"https:\/\/staging.feuer-flamme.com\/"},{"@type":"ListItem","position":2,"name":"Feuer &#038; Flamme Kamin\u00f6fen","item":"https:\/\/staging.feuer-flamme.com\/shop"},{"@type":"ListItem","position":3,"name":"Aluflexschlauch grau"}]},{"@type":"WebSite","@id":"https:\/\/staging.feuer-flamme.com\/#website","url":"https:\/\/staging.feuer-flamme.com\/","name":"Feuer und Flamme","description":"Open haarden","publisher":{"@id":"https:\/\/staging.feuer-flamme.com\/#organization"},"potentialAction":[{"@type":"SearchAction","target":{"@type":"EntryPoint","urlTemplate":"https:\/\/staging.feuer-flamme.com\/?s={search_term_string}"},"query-input":{"@type":"PropertyValueSpecification","valueRequired":true,"valueName":"search_term_string"}}],"inLanguage":"nl-NL"},{"@type":"Organization","@id":"https:\/\/staging.feuer-flamme.com\/#organization","name":"Feuer &amp; Flamme GmbH","url":"https:\/\/staging.feuer-flamme.com\/","logo":{"@type":"ImageObject","inLanguage":"nl-NL","@id":"https:\/\/staging.feuer-flamme.com\/#\/schema\/logo\/image\/","url":"https:\/\/staging.feuer-flamme.com\/wp-content\/uploads\/2020\/02\/Logo.jpg","contentUrl":"https:\/\/staging.feuer-flamme.com\/wp-content\/uploads\/2020\/02\/Logo.jpg","width":150,"height":150,"caption":"Feuer & Flamme GmbH"},"image":{"@id":"https:\/\/staging.feuer-flamme.com\/#\/schema\/logo\/image\/"},"sameAs":["https:\/\/www.facebook.com\/feuer.flamme.kaminofen\/"]}]},"product_brand":"Feuer und Flamme","product_price_amount":"39.00","product_price_currency":"EUR","og_availability":"instock","product_availability":"instock","product_retailer_item_id":"200422","product_condition":"new"},"_links":{"self":[{"href":"https:\/\/staging.feuer-flamme.com\/nl\/wp-json\/wp\/v2\/product\/3426","targetHints":{"allow":["GET"]}}],"collection":[{"href":"https:\/\/staging.feuer-flamme.com\/nl\/wp-json\/wp\/v2\/product"}],"about":[{"href":"https:\/\/staging.feuer-flamme.com\/nl\/wp-json\/wp\/v2\/types\/product"}],"wp:featuredmedia":[{"embeddable":true,"href":"https:\/\/staging.feuer-flamme.com\/nl\/wp-json\/wp\/v2\/media\/3427"}],"wp:attachment":[{"href":"https:\/\/staging.feuer-flamme.com\/nl\/wp-json\/wp\/v2\/media?parent=3426"}],"wp:term":[{"taxonomy":"product_brand","embeddable":true,"href":"https:\/\/staging.feuer-flamme.com\/nl\/wp-json\/wp\/v2\/product_brand?post=3426"},{"taxonomy":"product_cat","embeddable":true,"href":"https:\/\/staging.feuer-flamme.com\/nl\/wp-json\/wp\/v2\/product_cat?post=3426"},{"taxonomy":"product_tag","embeddable":true,"href":"https:\/\/staging.feuer-flamme.com\/nl\/wp-json\/wp\/v2\/product_tag?post=3426"}],"curies":[{"name":"wp","href":"https:\/\/api.w.org\/{rel}","templated":true}]}}