{"id":2752,"date":"2020-04-05T13:00:54","date_gmt":"2020-04-05T13:00:54","guid":{"rendered":"http:\/\/feuer-flamme.org\/?post_type=product&#038;p=2752"},"modified":"2024-12-13T12:28:05","modified_gmt":"2024-12-13T12:28:05","slug":"ovenpijp-compleet-systeem-getrokken-grijs-150-mm","status":"publish","type":"product","link":"https:\/\/staging.feuer-flamme.com\/nl\/produkt\/ofenrohr-komplettsystem-gezogen-grau-150mm","title":{"rendered":"Ovenpijpset grijs 150 mm"},"content":{"rendered":"<div class=\"wpb-content-wrapper\"><div class=\"vc_row wpb_row vc_row-fluid\"><div class=\"wpb_column vc_column_container vc_col-sm-12\"><div class=\"vc_column-inner\"><div class=\"wpb_wrapper\">\n\t<div class=\"wpb_text_column wpb_content_element\" >\n\t\t<div class=\"wpb_wrapper\">\n\t\t\t<p>Compleet rookkanalsysteem vervaardigd uit 2 mm materiaal.<br \/>\nSpeciale laklaag die bestand is tegen hoge temperaturen. In het getrokken booggedeelte bevindt zich een<br \/>\nReinigingsopening. De volledige vormset heeft ook een ge\u00efntegreerde smoorklep om<br \/>\nVermindering van de rookgassnelheid. De set bestaat uit:<\/p>\n<ul>\n<li>dubbele muurdoorvoer<\/li>\n<li>20 cm muurafstandhouder<\/li>\n<li>Afdekrozet<\/li>\n<li>getrokken rookgasafvoerbocht<\/li>\n<\/ul>\n<p>Diameter rookkanaal   : 150 mm<br \/>\nTotale hoogte: 700 mm<br \/>\nLakwerk: zwart<\/p>\n\n\t\t<\/div>\n\t<\/div>\n<style data-type=\"vc_shortcodes-custom-css\">.vc_custom_1733308228591{margin-top: 0% !important;margin-right: 0% !important;margin-bottom: 0% !important;margin-left: 0% !important;border-top-width: 1px !important;border-right-width: 1px !important;border-bottom-width: 1px !important;border-left-width: 1px !important;padding-left: 4% !important;border-color: #E5E5E5 !important;}.vc_custom_1734005188032{border-top-width: 1px !important;border-right-width: 1px !important;border-bottom-width: 1px !important;border-left-width: 1px !important;padding-top: 4% !important;padding-right: 4% !important;padding-bottom: 4% !important;padding-left: 4% !important;border-left-style: solid !important;border-right-style: solid !important;border-top-style: solid !important;border-bottom-style: solid !important;border-radius: 1px !important;border-color: #E5E5E5 !important;}<\/style><div class=\"wpb-content-wrapper\"><div class=\"vc_row wpb_row vc_row-fluid\"><div class=\"wpb_column vc_column_container vc_col-sm-12 vc_col-has-fill wd-rs-67502f36d4460\"><div class=\"vc_column-inner vc_custom_1733308228591\"><div class=\"wpb_wrapper\">\n\t<div class=\"wpb_text_column wpb_content_element vc_custom_1734005188032\" >\n\t\t<div class=\"wpb_wrapper\">\n\t\t\t<p><strong>Productveiligheidsverordening<\/strong><br \/>\nNaam van de marktdeelnemer: Color Emajl d.o.o.<br \/>\nAdres: Alaginci 87\/a, 34000 Po\u017eega, Kroati\u00eb<br \/>\nE-mail: info@color.hr<\/p>\n\n\t\t<\/div>\n\t<\/div>\n<\/div><\/div><\/div><\/div><\/div><\/div><\/div><\/div><\/div>\n<\/div>","protected":false},"excerpt":{"rendered":"<p>Materiaal: 2 mm staal<br \/>\nKleur: grijs<br \/>\nspeciale laklaag die bestand is tegen hoge temperaturen<br \/>\nHoogte 700 mm<br \/>\nLengte van de versmalling: 45 mm<br \/>\nmet smoorspoel<br \/>\nmet reinigingsopening<\/p>","protected":false},"featured_media":2877,"template":"","meta":[],"product_brand":[],"product_cat":[127,30],"product_tag":[93,90,92,91],"class_list":{"0":"post-2752","1":"product","2":"type-product","3":"status-publish","4":"has-post-thumbnail","6":"product_cat-ofenrohre","7":"product_cat-zubehoer","8":"product_tag-fullformset","9":"product_tag-ofenrohr","10":"product_tag-ofenrohrset","11":"product_tag-rauchrohr","12":"product_shipping_class-feuer-und-flamme","13":"pa_hersteller-feuerund-flamme","14":"pa_versandkosten-238","16":"first","17":"instock","18":"taxable","19":"shipping-taxable","20":"purchasable","21":"product-type-simple"},"yoast_head":"<!-- This site is optimized with the Yoast SEO Premium plugin v26.8 (Yoast SEO v27.5) - https:\/\/yoast.com\/product\/yoast-seo-premium-wordpress\/ -->\n<title>Ofenrohrset grau 150mm - Feuer und Flamme<\/title>\n<meta name=\"robots\" content=\"noindex, follow, max-snippet:-1, max-image-preview:large, max-video-preview:-1\" \/>\n<meta property=\"og:locale\" content=\"nl_NL\" \/>\n<meta property=\"og:type\" content=\"article\" \/>\n<meta property=\"og:title\" content=\"Ofenrohrset grau 150mm\" \/>\n<meta property=\"og:description\" content=\"Material: 2 mm Stahl Farbe: grau hochhitzebest\u00e4ndige Speziallackierung H\u00f6he 700 mm L\u00e4nge der Verj\u00fcngung: 45 mm mit Drossel mit Reinigungs\u00f6ffnung\" \/>\n<meta property=\"og:url\" content=\"https:\/\/staging.feuer-flamme.com\/nl\/product-2\/ovenpijp-compleet-systeem-getrokken-grijs-150-mm\/\" \/>\n<meta property=\"og:site_name\" content=\"Feuer und Flamme\" \/>\n<meta property=\"article:publisher\" content=\"https:\/\/www.facebook.com\/feuer.flamme.kaminofen\/\" \/>\n<meta property=\"article:modified_time\" content=\"2024-12-13T12:28:05+00:00\" \/>\n<meta property=\"og:image\" content=\"https:\/\/staging.feuer-flamme.com\/wp-content\/uploads\/2020\/04\/fullformset-grau.jpg\" \/>\n\t<meta property=\"og:image:width\" content=\"500\" \/>\n\t<meta property=\"og:image:height\" content=\"400\" \/>\n\t<meta property=\"og:image:type\" content=\"image\/jpeg\" \/>\n<meta name=\"twitter:card\" content=\"summary_large_image\" \/>\n<meta name=\"twitter:label1\" content=\"Prijs\" \/>\n\t<meta name=\"twitter:data1\" content=\"&euro;139,00\" \/>\n\t<meta name=\"twitter:label2\" content=\"Beschikbaarheid\" \/>\n\t<meta name=\"twitter:data2\" content=\"Op voorraad\" \/>\n<script type=\"application\/ld+json\" class=\"yoast-schema-graph\">{\"@context\":\"https:\\\/\\\/schema.org\",\"@graph\":[{\"@type\":\"WebPage\",\"@id\":\"https:\\\/\\\/staging.feuer-flamme.com\\\/produkt\\\/ofenrohr-komplettsystem-gezogen-grau-150mm\",\"url\":\"https:\\\/\\\/staging.feuer-flamme.com\\\/produkt\\\/ofenrohr-komplettsystem-gezogen-grau-150mm\",\"name\":\"Ofenrohrset grau 150mm - Feuer und Flamme\",\"isPartOf\":{\"@id\":\"https:\\\/\\\/staging.feuer-flamme.com\\\/#website\"},\"primaryImageOfPage\":{\"@id\":\"https:\\\/\\\/staging.feuer-flamme.com\\\/produkt\\\/ofenrohr-komplettsystem-gezogen-grau-150mm#primaryimage\"},\"image\":{\"@id\":\"https:\\\/\\\/staging.feuer-flamme.com\\\/produkt\\\/ofenrohr-komplettsystem-gezogen-grau-150mm#primaryimage\"},\"thumbnailUrl\":\"https:\\\/\\\/staging.feuer-flamme.com\\\/wp-content\\\/uploads\\\/2020\\\/04\\\/fullformset-grau.jpg\",\"datePublished\":\"2020-04-05T13:00:54+00:00\",\"dateModified\":\"2024-12-13T12:28:05+00:00\",\"breadcrumb\":{\"@id\":\"https:\\\/\\\/staging.feuer-flamme.com\\\/produkt\\\/ofenrohr-komplettsystem-gezogen-grau-150mm#breadcrumb\"},\"inLanguage\":\"nl-NL\",\"potentialAction\":[{\"@type\":\"ReadAction\",\"target\":[\"https:\\\/\\\/staging.feuer-flamme.com\\\/produkt\\\/ofenrohr-komplettsystem-gezogen-grau-150mm\"]}]},{\"@type\":\"ImageObject\",\"inLanguage\":\"nl-NL\",\"@id\":\"https:\\\/\\\/staging.feuer-flamme.com\\\/produkt\\\/ofenrohr-komplettsystem-gezogen-grau-150mm#primaryimage\",\"url\":\"https:\\\/\\\/staging.feuer-flamme.com\\\/wp-content\\\/uploads\\\/2020\\\/04\\\/fullformset-grau.jpg\",\"contentUrl\":\"https:\\\/\\\/staging.feuer-flamme.com\\\/wp-content\\\/uploads\\\/2020\\\/04\\\/fullformset-grau.jpg\",\"width\":500,\"height\":400,\"caption\":\"Das Bild zeigt ein graues Kaminofen-Rohrset, bestehend aus einem gebogenen Rohr, einem geraden Rohrsegment und zwei Verbindungsst\u00fccken. Diese Komponenten werden typischerweise zum Anschluss eines Kaminofens an ein Abgassystem verwendet. Das Set ist in einer schlichten, eleganten grauen Farbe gehalten, die zu verschiedenen Kaminofen-Designs passt. Das funktionale Design sorgt f\u00fcr eine effiziente Rauchabfuhr und ist ein wichtiges Zubeh\u00f6r f\u00fcr jeden Holzofen.\"},{\"@type\":\"BreadcrumbList\",\"@id\":\"https:\\\/\\\/staging.feuer-flamme.com\\\/produkt\\\/ofenrohr-komplettsystem-gezogen-grau-150mm#breadcrumb\",\"itemListElement\":[{\"@type\":\"ListItem\",\"position\":1,\"name\":\"Startseite\",\"item\":\"https:\\\/\\\/staging.feuer-flamme.com\\\/\"},{\"@type\":\"ListItem\",\"position\":2,\"name\":\"Feuer &#038; Flamme Kamin\u00f6fen\",\"item\":\"https:\\\/\\\/staging.feuer-flamme.com\\\/shop\"},{\"@type\":\"ListItem\",\"position\":3,\"name\":\"Ofenrohrset grau 150mm\"}]},{\"@type\":\"WebSite\",\"@id\":\"https:\\\/\\\/staging.feuer-flamme.com\\\/#website\",\"url\":\"https:\\\/\\\/staging.feuer-flamme.com\\\/\",\"name\":\"Feuer und Flamme\",\"description\":\"Kamin\u00d6fen\",\"publisher\":{\"@id\":\"https:\\\/\\\/staging.feuer-flamme.com\\\/#organization\"},\"potentialAction\":[{\"@type\":\"SearchAction\",\"target\":{\"@type\":\"EntryPoint\",\"urlTemplate\":\"https:\\\/\\\/staging.feuer-flamme.com\\\/?s={search_term_string}\"},\"query-input\":{\"@type\":\"PropertyValueSpecification\",\"valueRequired\":true,\"valueName\":\"search_term_string\"}}],\"inLanguage\":\"nl-NL\"},{\"@type\":\"Organization\",\"@id\":\"https:\\\/\\\/staging.feuer-flamme.com\\\/#organization\",\"name\":\"Feuer & Flamme GmbH\",\"url\":\"https:\\\/\\\/staging.feuer-flamme.com\\\/\",\"logo\":{\"@type\":\"ImageObject\",\"inLanguage\":\"nl-NL\",\"@id\":\"https:\\\/\\\/staging.feuer-flamme.com\\\/#\\\/schema\\\/logo\\\/image\\\/\",\"url\":\"https:\\\/\\\/staging.feuer-flamme.com\\\/wp-content\\\/uploads\\\/2020\\\/02\\\/Logo.jpg\",\"contentUrl\":\"https:\\\/\\\/staging.feuer-flamme.com\\\/wp-content\\\/uploads\\\/2020\\\/02\\\/Logo.jpg\",\"width\":150,\"height\":150,\"caption\":\"Feuer & Flamme GmbH\"},\"image\":{\"@id\":\"https:\\\/\\\/staging.feuer-flamme.com\\\/#\\\/schema\\\/logo\\\/image\\\/\"},\"sameAs\":[\"https:\\\/\\\/www.facebook.com\\\/feuer.flamme.kaminofen\\\/\"]}]}<\/script>\n<meta property=\"product:brand\" content=\"Feuer und Flamme\" \/>\n<meta property=\"product:price:amount\" content=\"139.00\" \/>\n<meta property=\"product:price:currency\" content=\"EUR\" \/>\n<meta property=\"og:availability\" content=\"instock\" \/>\n<meta property=\"product:availability\" content=\"instock\" \/>\n<meta property=\"product:retailer_item_id\" content=\"020117\" \/>\n<meta property=\"product:condition\" content=\"new\" \/>\n<!-- \/ Yoast SEO Premium plugin. -->","yoast_head_json":{"title":"Ovenpijpset grijs 150 mm - Feuer und Flamme","robots":{"index":"noindex","follow":"follow","max-snippet":"max-snippet:-1","max-image-preview":"max-image-preview:large","max-video-preview":"max-video-preview:-1"},"og_locale":"nl_NL","og_type":"article","og_title":"Ofenrohrset grau 150mm","og_description":"Material: 2 mm Stahl Farbe: grau hochhitzebest\u00e4ndige Speziallackierung H\u00f6he 700 mm L\u00e4nge der Verj\u00fcngung: 45 mm mit Drossel mit Reinigungs\u00f6ffnung","og_url":"https:\/\/staging.feuer-flamme.com\/nl\/product-2\/ovenpijp-compleet-systeem-getrokken-grijs-150-mm\/","og_site_name":"Feuer und Flamme","article_publisher":"https:\/\/www.facebook.com\/feuer.flamme.kaminofen\/","article_modified_time":"2024-12-13T12:28:05+00:00","og_image":[{"width":500,"height":400,"url":"https:\/\/staging.feuer-flamme.com\/wp-content\/uploads\/2020\/04\/fullformset-grau.jpg","type":"image\/jpeg"}],"twitter_card":"summary_large_image","twitter_misc":{"Prijs":"&euro;139,00","Beschikbaarheid":"Op voorraad"},"schema":{"@context":"https:\/\/schema.org","@graph":[{"@type":"WebPage","@id":"https:\/\/staging.feuer-flamme.com\/produkt\/ofenrohr-komplettsystem-gezogen-grau-150mm","url":"https:\/\/staging.feuer-flamme.com\/produkt\/ofenrohr-komplettsystem-gezogen-grau-150mm","name":"Ovenpijpset grijs 150 mm - Feuer und Flamme","isPartOf":{"@id":"https:\/\/staging.feuer-flamme.com\/#website"},"primaryImageOfPage":{"@id":"https:\/\/staging.feuer-flamme.com\/produkt\/ofenrohr-komplettsystem-gezogen-grau-150mm#primaryimage"},"image":{"@id":"https:\/\/staging.feuer-flamme.com\/produkt\/ofenrohr-komplettsystem-gezogen-grau-150mm#primaryimage"},"thumbnailUrl":"https:\/\/staging.feuer-flamme.com\/wp-content\/uploads\/2020\/04\/fullformset-grau.jpg","datePublished":"2020-04-05T13:00:54+00:00","dateModified":"2024-12-13T12:28:05+00:00","breadcrumb":{"@id":"https:\/\/staging.feuer-flamme.com\/produkt\/ofenrohr-komplettsystem-gezogen-grau-150mm#breadcrumb"},"inLanguage":"nl-NL","potentialAction":[{"@type":"ReadAction","target":["https:\/\/staging.feuer-flamme.com\/produkt\/ofenrohr-komplettsystem-gezogen-grau-150mm"]}]},{"@type":"ImageObject","inLanguage":"nl-NL","@id":"https:\/\/staging.feuer-flamme.com\/produkt\/ofenrohr-komplettsystem-gezogen-grau-150mm#primaryimage","url":"https:\/\/staging.feuer-flamme.com\/wp-content\/uploads\/2020\/04\/fullformset-grau.jpg","contentUrl":"https:\/\/staging.feuer-flamme.com\/wp-content\/uploads\/2020\/04\/fullformset-grau.jpg","width":500,"height":400,"caption":"Das Bild zeigt ein graues Kaminofen-Rohrset, bestehend aus einem gebogenen Rohr, einem geraden Rohrsegment und zwei Verbindungsst\u00fccken. Diese Komponenten werden typischerweise zum Anschluss eines Kaminofens an ein Abgassystem verwendet. Das Set ist in einer schlichten, eleganten grauen Farbe gehalten, die zu verschiedenen Kaminofen-Designs passt. Das funktionale Design sorgt f\u00fcr eine effiziente Rauchabfuhr und ist ein wichtiges Zubeh\u00f6r f\u00fcr jeden Holzofen."},{"@type":"BreadcrumbList","@id":"https:\/\/staging.feuer-flamme.com\/produkt\/ofenrohr-komplettsystem-gezogen-grau-150mm#breadcrumb","itemListElement":[{"@type":"ListItem","position":1,"name":"Startseite","item":"https:\/\/staging.feuer-flamme.com\/"},{"@type":"ListItem","position":2,"name":"Feuer &#038; Flamme Kamin\u00f6fen","item":"https:\/\/staging.feuer-flamme.com\/shop"},{"@type":"ListItem","position":3,"name":"Ofenrohrset grau 150mm"}]},{"@type":"WebSite","@id":"https:\/\/staging.feuer-flamme.com\/#website","url":"https:\/\/staging.feuer-flamme.com\/","name":"Feuer und Flamme","description":"Open haarden","publisher":{"@id":"https:\/\/staging.feuer-flamme.com\/#organization"},"potentialAction":[{"@type":"SearchAction","target":{"@type":"EntryPoint","urlTemplate":"https:\/\/staging.feuer-flamme.com\/?s={search_term_string}"},"query-input":{"@type":"PropertyValueSpecification","valueRequired":true,"valueName":"search_term_string"}}],"inLanguage":"nl-NL"},{"@type":"Organization","@id":"https:\/\/staging.feuer-flamme.com\/#organization","name":"Feuer &amp; Flamme GmbH","url":"https:\/\/staging.feuer-flamme.com\/","logo":{"@type":"ImageObject","inLanguage":"nl-NL","@id":"https:\/\/staging.feuer-flamme.com\/#\/schema\/logo\/image\/","url":"https:\/\/staging.feuer-flamme.com\/wp-content\/uploads\/2020\/02\/Logo.jpg","contentUrl":"https:\/\/staging.feuer-flamme.com\/wp-content\/uploads\/2020\/02\/Logo.jpg","width":150,"height":150,"caption":"Feuer & Flamme GmbH"},"image":{"@id":"https:\/\/staging.feuer-flamme.com\/#\/schema\/logo\/image\/"},"sameAs":["https:\/\/www.facebook.com\/feuer.flamme.kaminofen\/"]}]},"product_brand":"Feuer und Flamme","product_price_amount":"139.00","product_price_currency":"EUR","og_availability":"instock","product_availability":"instock","product_retailer_item_id":"020117","product_condition":"new"},"_links":{"self":[{"href":"https:\/\/staging.feuer-flamme.com\/nl\/wp-json\/wp\/v2\/product\/2752","targetHints":{"allow":["GET"]}}],"collection":[{"href":"https:\/\/staging.feuer-flamme.com\/nl\/wp-json\/wp\/v2\/product"}],"about":[{"href":"https:\/\/staging.feuer-flamme.com\/nl\/wp-json\/wp\/v2\/types\/product"}],"wp:featuredmedia":[{"embeddable":true,"href":"https:\/\/staging.feuer-flamme.com\/nl\/wp-json\/wp\/v2\/media\/2877"}],"wp:attachment":[{"href":"https:\/\/staging.feuer-flamme.com\/nl\/wp-json\/wp\/v2\/media?parent=2752"}],"wp:term":[{"taxonomy":"product_brand","embeddable":true,"href":"https:\/\/staging.feuer-flamme.com\/nl\/wp-json\/wp\/v2\/product_brand?post=2752"},{"taxonomy":"product_cat","embeddable":true,"href":"https:\/\/staging.feuer-flamme.com\/nl\/wp-json\/wp\/v2\/product_cat?post=2752"},{"taxonomy":"product_tag","embeddable":true,"href":"https:\/\/staging.feuer-flamme.com\/nl\/wp-json\/wp\/v2\/product_tag?post=2752"}],"curies":[{"name":"wp","href":"https:\/\/api.w.org\/{rel}","templated":true}]}}